{"id":143,"date":"2022-06-08T18:48:37","date_gmt":"2022-06-08T18:48:37","guid":{"rendered":"http:\/\/www.bleise.de\/?page_id=143"},"modified":"2025-11-14T20:32:22","modified_gmt":"2025-11-14T20:32:22","slug":"hobby-imkerei-bleise","status":"publish","type":"page","link":"https:\/\/www.bleise.de\/honig\/","title":{"rendered":"Honig direkt vom Imker aus Oberursel-Oberstedten"},"content":{"rendered":"\n<p>Unsere <a href=\"http:\/\/www.bleise.de\/ueber-uns\/\" data-type=\"URL\" data-id=\"http:\/\/www.bleise.de\/ueber-uns\/\">Hobby-Imkerei Bleise<\/a> liegt in Oberursel-Oberstedten, in der N\u00e4he von Bad Homburg (Taunus). Bei unserer Bienenhaltung legen wir besonderen Wert auf das Tierwohl und eine hohe Honigqualit\u00e4t. Was das genau bedeutet, haben wir <a href=\"http:\/\/bleise.de\/ueber-uns\/\" target=\"_blank\" rel=\"noopener\">hier<\/a> n\u00e4her beschrieben. Auf den weiteren Seiten k\u00f6nnt ihr den <a href=\"https:\/\/www.bleise.de\/honig\/aktuelles\/\" data-type=\"URL\" data-id=\"https:\/\/www.bleise.de\/honig\/aktuelles\/\">aktuellen Stand<\/a> der verf\u00fcgbaren Honigsorten sehen und auch erfahren, wie ihr ihn <a href=\"https:\/\/www.bleise.de\/honig\/honig-kaufen\/\">kaufen<\/a> k\u00f6nnt. <\/p>\n","protected":false},"excerpt":{"rendered":"<p>Unsere Hobby-Imkerei Bleise liegt in Oberursel-Oberstedten, in der N\u00e4he von Bad Homburg (Taunus). Bei unserer Bienenhaltung legen wir besonderen Wert auf das Tierwohl und eine hohe Honigqualit\u00e4t. Was das genau bedeutet, haben wir hier n\u00e4her beschrieben. Auf den weiteren Seiten k\u00f6nnt ihr den aktuellen Stand der verf\u00fcgbaren Honigsorten sehen und auch erfahren, wie ihr ihn kaufen k\u00f6nnt.<\/p>\n","protected":false},"author":1,"featured_media":0,"parent":0,"menu_order":0,"comment_status":"closed","ping_status":"closed","template":"template-full-width.php","meta":{"footnotes":""},"class_list":["post-143","page","type-page","status-publish","hentry"],"jetpack_sharing_enabled":true,"_links":{"self":[{"href":"https:\/\/www.bleise.de\/honig\/wp-json\/wp\/v2\/pages\/143","targetHints":{"allow":["GET"]}}],"collection":[{"href":"https:\/\/www.bleise.de\/honig\/wp-json\/wp\/v2\/pages"}],"about":[{"href":"https:\/\/www.bleise.de\/honig\/wp-json\/wp\/v2\/types\/page"}],"author":[{"embeddable":true,"href":"https:\/\/www.bleise.de\/honig\/wp-json\/wp\/v2\/users\/1"}],"replies":[{"embeddable":true,"href":"https:\/\/www.bleise.de\/honig\/wp-json\/wp\/v2\/comments?post=143"}],"version-history":[{"count":18,"href":"https:\/\/www.bleise.de\/honig\/wp-json\/wp\/v2\/pages\/143\/revisions"}],"predecessor-version":[{"id":1037,"href":"https:\/\/www.bleise.de\/honig\/wp-json\/wp\/v2\/pages\/143\/revisions\/1037"}],"wp:attachment":[{"href":"https:\/\/www.bleise.de\/honig\/wp-json\/wp\/v2\/media?parent=143"}],"curies":[{"name":"wp","href":"https:\/\/api.w.org\/{rel}","templated":true}]}}