{"id":28,"date":"2022-06-07T15:56:49","date_gmt":"2022-06-07T15:56:49","guid":{"rendered":"https:\/\/www.bleise.de\/?page_id=28"},"modified":"2024-10-23T08:50:46","modified_gmt":"2024-10-23T08:50:46","slug":"ueber-uns","status":"publish","type":"page","link":"https:\/\/www.bleise.de\/honig\/ueber-uns\/","title":{"rendered":"Die Imkerei"},"content":{"rendered":"\n<div class=\"wp-block-media-text alignwide is-stacked-on-mobile\"><figure class=\"wp-block-media-text__media\"><img data-recalc-dims=\"1\" loading=\"lazy\" decoding=\"async\" width=\"960\" height=\"785\" src=\"https:\/\/i0.wp.com\/www.bleise.de\/wp-content\/uploads\/2022\/06\/stand2_klein.jpg?resize=960%2C785\" alt=\"\" class=\"wp-image-257 size-full\" srcset=\"https:\/\/i0.wp.com\/www.bleise.de\/wp-content\/uploads\/2022\/06\/stand2_klein.jpg?resize=1024%2C837&amp;ssl=1 1024w, https:\/\/i0.wp.com\/www.bleise.de\/wp-content\/uploads\/2022\/06\/stand2_klein.jpg?resize=300%2C245&amp;ssl=1 300w, https:\/\/i0.wp.com\/www.bleise.de\/wp-content\/uploads\/2022\/06\/stand2_klein.jpg?resize=768%2C628&amp;ssl=1 768w, https:\/\/i0.wp.com\/www.bleise.de\/wp-content\/uploads\/2022\/06\/stand2_klein.jpg?w=1419&amp;ssl=1 1419w\" sizes=\"auto, (max-width: 960px) 100vw, 960px\" \/><\/figure><div class=\"wp-block-media-text__content\">\n<p>Wir sind eine kleine Hobby-Imkerei aus Oberursel-Oberstedten (Taunus).  <\/p>\n\n\n\n<p>Unsere Bienen stehen auf einer <a href=\"https:\/\/www.bleise.de\/honig\/ueber-uns\/obstwiese\/\" data-type=\"URL\" data-id=\"https:\/\/www.bleise.de\/honig\/ueber-uns\/obstwiese\/\">Obstwiese<\/a>, von wo aus sie aus den Wiesen, G\u00e4rten und dem Wald rund um Oberstedten ihren Nektar sammeln.<\/p>\n<\/div><\/div>\n\n\n\n<div class=\"wp-block-media-text alignwide has-media-on-the-right is-stacked-on-mobile\"><div class=\"wp-block-media-text__content\">\n<p>Wir lieben unsere Bienen und stellen das Wohl der Tiere \u00fcber einen hohen Honigertrag. Sie d\u00fcrfen sich in ihren Holzbeuten wenn m\u00f6glich im Naturwabenbau entfalten. Die Behandlung gegen die Varroa Milbe erfolgt ausschlie\u00dflich mit Mitteln und Verfahren, die f\u00fcr die Bio Zertifizierung zugelassen sind. Wer mehr dar\u00fcber erfahren m\u00f6chte, kann uns gerne ansprechen.<\/p>\n<\/div><figure class=\"wp-block-media-text__media\"><img data-recalc-dims=\"1\" loading=\"lazy\" decoding=\"async\" width=\"500\" height=\"361\" src=\"https:\/\/i0.wp.com\/www.bleise.de\/wp-content\/uploads\/2022\/06\/anflugbrett-3.jpg?resize=500%2C361\" alt=\"\" class=\"wp-image-354 size-full\" srcset=\"https:\/\/i0.wp.com\/www.bleise.de\/wp-content\/uploads\/2022\/06\/anflugbrett-3.jpg?w=500&amp;ssl=1 500w, https:\/\/i0.wp.com\/www.bleise.de\/wp-content\/uploads\/2022\/06\/anflugbrett-3.jpg?resize=300%2C217&amp;ssl=1 300w\" sizes=\"auto, (max-width: 500px) 100vw, 500px\" \/><\/figure><\/div>\n\n\n\n<div class=\"wp-block-media-text alignwide is-stacked-on-mobile\"><figure class=\"wp-block-media-text__media\"><img data-recalc-dims=\"1\" loading=\"lazy\" decoding=\"async\" width=\"960\" height=\"720\" src=\"https:\/\/i0.wp.com\/www.bleise.de\/wp-content\/uploads\/2022\/06\/naturwabe_klein.jpg?resize=960%2C720\" alt=\"\" class=\"wp-image-260 size-full\" srcset=\"https:\/\/i0.wp.com\/www.bleise.de\/wp-content\/uploads\/2022\/06\/naturwabe_klein.jpg?w=1008&amp;ssl=1 1008w, https:\/\/i0.wp.com\/www.bleise.de\/wp-content\/uploads\/2022\/06\/naturwabe_klein.jpg?resize=300%2C225&amp;ssl=1 300w, https:\/\/i0.wp.com\/www.bleise.de\/wp-content\/uploads\/2022\/06\/naturwabe_klein.jpg?resize=768%2C576&amp;ssl=1 768w\" sizes=\"auto, (max-width: 960px) 100vw, 960px\" \/><\/figure><div class=\"wp-block-media-text__content\">\n<p>Da unsere Bienen uns viel mehr Honig schenken als wir verbrauchen k\u00f6nnen, freuen wir uns, wenn wir ihn auch an andere verkaufen k\u00f6nnen. Beim Honig legen wir auf eine schonende Verarbeitung wert, bei der die guten Inhaltsstoffe des Honigs bewahrt werden. Das bedeutet, dass wir den Honig auf dem Weg von den Waben ins Glas nicht erhitzen.<\/p>\n<\/div><\/div>\n","protected":false},"excerpt":{"rendered":"<p>Wir sind eine kleine Hobby-Imkerei aus Oberursel-Oberstedten (Taunus). Unsere Bienen stehen auf einer Obstwiese, von wo aus sie aus den Wiesen, G\u00e4rten und dem Wald rund um Oberstedten ihren Nektar sammeln. Wir lieben unsere Bienen und stellen das Wohl der Tiere \u00fcber einen hohen Honigertrag. Sie d\u00fcrfen sich in ihren Holzbeuten wenn m\u00f6glich im Naturwabenbau entfalten. Die Behandlung gegen die Varroa Milbe erfolgt ausschlie\u00dflich mit Mitteln und Verfahren, die f\u00fcr die Bio Zertifizierung zugelassen sind. Wer mehr dar\u00fcber erfahren m\u00f6chte,<a class=\"more-link\" href=\"https:\/\/www.bleise.de\/honig\/ueber-uns\/\">Read More<span>&#8594;<\/span><\/a><\/p>\n","protected":false},"author":1,"featured_media":0,"parent":0,"menu_order":0,"comment_status":"closed","ping_status":"closed","template":"template-full-width.php","meta":{"footnotes":""},"class_list":["post-28","page","type-page","status-publish","hentry"],"jetpack_sharing_enabled":true,"_links":{"self":[{"href":"https:\/\/www.bleise.de\/honig\/wp-json\/wp\/v2\/pages\/28","targetHints":{"allow":["GET"]}}],"collection":[{"href":"https:\/\/www.bleise.de\/honig\/wp-json\/wp\/v2\/pages"}],"about":[{"href":"https:\/\/www.bleise.de\/honig\/wp-json\/wp\/v2\/types\/page"}],"author":[{"embeddable":true,"href":"https:\/\/www.bleise.de\/honig\/wp-json\/wp\/v2\/users\/1"}],"replies":[{"embeddable":true,"href":"https:\/\/www.bleise.de\/honig\/wp-json\/wp\/v2\/comments?post=28"}],"version-history":[{"count":21,"href":"https:\/\/www.bleise.de\/honig\/wp-json\/wp\/v2\/pages\/28\/revisions"}],"predecessor-version":[{"id":972,"href":"https:\/\/www.bleise.de\/honig\/wp-json\/wp\/v2\/pages\/28\/revisions\/972"}],"wp:attachment":[{"href":"https:\/\/www.bleise.de\/honig\/wp-json\/wp\/v2\/media?parent=28"}],"curies":[{"name":"wp","href":"https:\/\/api.w.org\/{rel}","templated":true}]}}