{"id":66,"date":"2022-06-07T18:04:39","date_gmt":"2022-06-07T18:04:39","guid":{"rendered":"http:\/\/www.bleise.de\/?page_id=66"},"modified":"2026-03-15T15:41:52","modified_gmt":"2026-03-15T15:41:52","slug":"aktuelles","status":"publish","type":"page","link":"https:\/\/www.bleise.de\/honig\/aktuelles\/","title":{"rendered":"Aktuelles"},"content":{"rendered":"\n<div class=\"wp-block-media-text alignwide has-media-on-the-right is-stacked-on-mobile is-vertically-aligned-center has-background\" style=\"background-color:#f1f5c7\"><div class=\"wp-block-media-text__content\">\n<div class=\"wp-block-group\" style=\"padding-top:2em;padding-right:2em;padding-bottom:2em;padding-left:2em\"><div class=\"wp-block-group__inner-container is-layout-flow wp-block-group-is-layout-flow\">\n<p style=\"font-size:36px;line-height:1.2\">Aktuell gibt es\u2026<\/p>\n\n\n\n<p>Stand 15. M\u00e4rz 2026<\/p>\n\n\n\n<p class=\"has-medium-font-size\">Wir haben noch ein paar Gl\u00e4ser der Fr\u00fchtracht 2025 (MHD 17.05.2027). <br>Ansonsten freuen wir uns auf die Fr\u00fchlingstracht 2026, die dann voraussichtlich Ende Mai verf\u00fcgbar sein wird.<\/p>\n<\/div><\/div>\n\n\n\n<p class=\"has-medium-font-size\"><\/p>\n<\/div><figure class=\"wp-block-media-text__media\"><img data-recalc-dims=\"1\" loading=\"lazy\" decoding=\"async\" width=\"500\" height=\"375\" src=\"https:\/\/i0.wp.com\/www.bleise.de\/wp-content\/uploads\/2022\/06\/glaeser_mit_wabe.jpg?resize=500%2C375\" alt=\"\" class=\"wp-image-352 size-full\" srcset=\"https:\/\/i0.wp.com\/www.bleise.de\/wp-content\/uploads\/2022\/06\/glaeser_mit_wabe.jpg?w=500&amp;ssl=1 500w, https:\/\/i0.wp.com\/www.bleise.de\/wp-content\/uploads\/2022\/06\/glaeser_mit_wabe.jpg?resize=300%2C225&amp;ssl=1 300w\" sizes=\"auto, (max-width: 500px) 100vw, 500px\" \/><\/figure><\/div>\n\n\n\n<p class=\"has-medium-font-size\">Wenn Du immer auf dem aktuellen Stand zur Honig Verf\u00fcgbarkeit sein m\u00f6chtest, kannst Du Dich hier f\u00fcr unseren Newsletter registrieren (erscheint circa 3 mal im Jahr). Wir informieren \u00fcber diesen Weg immer dann, wenn wir auf dieser Seite (&#8222;Aktuelles&#8220;) etwas \u00e4ndern. Nat\u00fcrlich kannst Du Dich jederzeit wieder vom Honig Update Newsletter abmelden. Der Link dazu ist in jedem Newsletter unten enthalten.<\/p>\n\n\n\n<h2 class=\"wp-block-heading\" id=\"newsletter\">Honig Update Newsletter<\/h2>\n\n\n<div class=\"tnp tnp-subscription \">\n<form method=\"post\" action=\"https:\/\/www.bleise.de\/wp-admin\/admin-ajax.php?action=tnp&amp;na=s\">\n<input type=\"hidden\" name=\"nlang\" value=\"\">\n<div class=\"tnp-field tnp-field-firstname\"><label for=\"tnp-1\">Vorname<\/label>\n<input class=\"tnp-name\" type=\"text\" name=\"nn\" id=\"tnp-1\" value=\"\" placeholder=\"\" required><\/div>\n<div class=\"tnp-field tnp-field-surname\"><label for=\"tnp-2\">Nachname<\/label>\n<input class=\"tnp-surname\" type=\"text\" name=\"ns\" id=\"tnp-2\" value=\"\" placeholder=\"\" required><\/div><div class=\"tnp-field tnp-field-email\"><label for=\"tnp-3\">E-Mail-Adresse<\/label>\n<input class=\"tnp-email\" type=\"email\" name=\"ne\" id=\"tnp-3\" value=\"\" placeholder=\"\" required><\/div>\n<div class=\"tnp-field tnp-privacy-field\"><label><input type=\"checkbox\" name=\"ny\" required class=\"tnp-privacy\"> <a target=\"_blank\" href=\"https:\/\/www.bleise.de\/honig\/impressum#Datenschutzbestimmungen\">Hiermit akzeptiere ich die Datenschutzbestimmungen<\/a><\/label><\/div><div class=\"tnp-field tnp-field-button\" style=\"text-align: left\"><input class=\"tnp-submit\" type=\"submit\" value=\"Abonnieren\" style=\"\">\n<\/div>\n<\/form>\n<\/div>\n\n","protected":false},"excerpt":{"rendered":"<p>Wenn Du immer auf dem aktuellen Stand zur Honig Verf\u00fcgbarkeit sein m\u00f6chtest, kannst Du Dich hier f\u00fcr unseren Newsletter registrieren (erscheint circa 3 mal im Jahr). Wir informieren \u00fcber diesen Weg immer dann, wenn wir auf dieser Seite (&#8222;Aktuelles&#8220;) etwas \u00e4ndern. Nat\u00fcrlich kannst Du Dich jederzeit wieder vom Honig Update Newsletter abmelden. Der Link dazu ist in jedem Newsletter unten enthalten. Honig Update Newsletter<\/p>\n","protected":false},"author":1,"featured_media":0,"parent":0,"menu_order":0,"comment_status":"closed","ping_status":"closed","template":"template-full-width.php","meta":{"footnotes":""},"class_list":["post-66","page","type-page","status-publish","hentry"],"jetpack_sharing_enabled":true,"_links":{"self":[{"href":"https:\/\/www.bleise.de\/honig\/wp-json\/wp\/v2\/pages\/66","targetHints":{"allow":["GET"]}}],"collection":[{"href":"https:\/\/www.bleise.de\/honig\/wp-json\/wp\/v2\/pages"}],"about":[{"href":"https:\/\/www.bleise.de\/honig\/wp-json\/wp\/v2\/types\/page"}],"author":[{"embeddable":true,"href":"https:\/\/www.bleise.de\/honig\/wp-json\/wp\/v2\/users\/1"}],"replies":[{"embeddable":true,"href":"https:\/\/www.bleise.de\/honig\/wp-json\/wp\/v2\/comments?post=66"}],"version-history":[{"count":186,"href":"https:\/\/www.bleise.de\/honig\/wp-json\/wp\/v2\/pages\/66\/revisions"}],"predecessor-version":[{"id":1060,"href":"https:\/\/www.bleise.de\/honig\/wp-json\/wp\/v2\/pages\/66\/revisions\/1060"}],"wp:attachment":[{"href":"https:\/\/www.bleise.de\/honig\/wp-json\/wp\/v2\/media?parent=66"}],"curies":[{"name":"wp","href":"https:\/\/api.w.org\/{rel}","templated":true}]}}