{"id":665,"date":"2023-06-25T13:10:01","date_gmt":"2023-06-25T13:10:01","guid":{"rendered":"https:\/\/www.bleise.de\/honig\/?page_id=665"},"modified":"2024-10-23T08:33:33","modified_gmt":"2024-10-23T08:33:33","slug":"impressum","status":"publish","type":"page","link":"https:\/\/www.bleise.de\/honig\/impressum\/","title":{"rendered":"Impressum"},"content":{"rendered":"\n<h2 class=\"wp-block-heading\">Kontakt:<\/h2>\n\n\n\n<p style=\"font-size:14px\">Inhaltlich Verantwortlicher gem\u00e4\u00df \u00a7 55 Absatz 2 RStV:<\/p>\n\n\n\n<p>Thorsten Bleise<br>Im Gartenfeld 12 B<br>61440 Oberursel<br>Deutschland<\/p>\n\n\n\n<p>Telefon: 06172-856623<\/p>\n\n\n\n<h2 class=\"wp-block-heading\">Rechtliche Hinweise<\/h2>\n\n\n\n<p>Die Inhalte unserer Internetseite werden sorgf\u00e4ltig gepr\u00fcft. Eine Garantie f\u00fcr die Vollst\u00e4ndigkeit, Richtigkeit und letzte Aktualit\u00e4t kann jedoch nicht \u00fcbernommen werden. Wir sind f\u00fcr den Inhalt von Websites, auf die von unseren Seiten verlinkt wird, nicht verantwortlich. Der Verweis mittels Hyperlink stellt auch keine Empfehlung dieser Websites oder der sie betreibenden Unternehmen oder ihrer Produkte durch uns dar. Haftungsanspr\u00fcche, die durch die Nutzung unseres Internetangebotes verursacht werden, sind ausgeschlossen, sofern wir nicht vors\u00e4tzlich oder grob fahrl\u00e4ssig gehandelt haben. Des weiteren behalten wir uns das Recht vor, \u00c4nderungen oder Erg\u00e4nzungen der bereitgestellten Informationen vorzunehmen.<\/p>\n\n\n\n<p>Die hier verwendeten Namen, Begriffe, Zeichen und Grafiken k\u00f6nnen Marken- oder Warenzeichen im Besitz ihrer rechtlichen Eigent\u00fcmer sein. Die Rechte aller erw\u00e4hnten und benutzten Marken- und Warenzeichen liegen ausschlie\u00dflich bei deren Besitzern.<\/p>\n\n\n\n<h2 class=\"wp-block-heading\">Datenschutzbestimmungen<\/h2>\n\n\n\n<p>Unser kostenloser Honig Update Newsletter informiert Dich regelm\u00e4\u00dfig per E-Mail \u00fcber \u00c4nderungen zur Honig Verf\u00fcgbarkeit. Deine hier eingegebenen Daten werden lediglich zur Personalisierung des Newsletters verwendet und nicht an Dritte weitergegeben. Du kannst dich jederzeit aus dem Newsletter heraus abmelden (siehe unten im Newsletter) oder Deine Einwilligung jederzeit per E-Mail an honig@bleise.de widerrufen. Ihre Daten werden nach Beendigung des Newsletter-Empfangs innerhalb von 2 Monaten gel\u00f6scht, sofern der L\u00f6schung keine gesetzlichen Aufbewahrungspflichten entgegenstehen. Durch Absenden der von Dir eingegebenen Daten willigst Du in die Datenverarbeitung ein und best\u00e4tigst unsere Datenschutzerkl\u00e4rung.<\/p>\n","protected":false},"excerpt":{"rendered":"<p>Kontakt: Inhaltlich Verantwortlicher gem\u00e4\u00df \u00a7 55 Absatz 2 RStV: Thorsten BleiseIm Gartenfeld 12 B61440 OberurselDeutschland Telefon: 06172-856623 Rechtliche Hinweise Die Inhalte unserer Internetseite werden sorgf\u00e4ltig gepr\u00fcft. Eine Garantie f\u00fcr die Vollst\u00e4ndigkeit, Richtigkeit und letzte Aktualit\u00e4t kann jedoch nicht \u00fcbernommen werden. Wir sind f\u00fcr den Inhalt von Websites, auf die von unseren Seiten verlinkt wird, nicht verantwortlich. Der Verweis mittels Hyperlink stellt auch keine Empfehlung dieser Websites oder der sie betreibenden Unternehmen oder ihrer Produkte durch uns dar. Haftungsanspr\u00fcche, die durch<a class=\"more-link\" href=\"https:\/\/www.bleise.de\/honig\/impressum\/\">Read More<span>&#8594;<\/span><\/a><\/p>\n","protected":false},"author":1,"featured_media":0,"parent":0,"menu_order":0,"comment_status":"closed","ping_status":"closed","template":"template-full-width.php","meta":{"footnotes":""},"class_list":["post-665","page","type-page","status-publish","hentry"],"jetpack_sharing_enabled":true,"_links":{"self":[{"href":"https:\/\/www.bleise.de\/honig\/wp-json\/wp\/v2\/pages\/665","targetHints":{"allow":["GET"]}}],"collection":[{"href":"https:\/\/www.bleise.de\/honig\/wp-json\/wp\/v2\/pages"}],"about":[{"href":"https:\/\/www.bleise.de\/honig\/wp-json\/wp\/v2\/types\/page"}],"author":[{"embeddable":true,"href":"https:\/\/www.bleise.de\/honig\/wp-json\/wp\/v2\/users\/1"}],"replies":[{"embeddable":true,"href":"https:\/\/www.bleise.de\/honig\/wp-json\/wp\/v2\/comments?post=665"}],"version-history":[{"count":6,"href":"https:\/\/www.bleise.de\/honig\/wp-json\/wp\/v2\/pages\/665\/revisions"}],"predecessor-version":[{"id":970,"href":"https:\/\/www.bleise.de\/honig\/wp-json\/wp\/v2\/pages\/665\/revisions\/970"}],"wp:attachment":[{"href":"https:\/\/www.bleise.de\/honig\/wp-json\/wp\/v2\/media?parent=665"}],"curies":[{"name":"wp","href":"https:\/\/api.w.org\/{rel}","templated":true}]}}