{"id":811,"date":"2023-08-31T06:01:28","date_gmt":"2023-08-31T06:01:28","guid":{"rendered":"https:\/\/www.bleise.de\/honig\/?page_id=811"},"modified":"2024-07-06T10:58:17","modified_gmt":"2024-07-06T10:58:17","slug":"honig-kaufen","status":"publish","type":"page","link":"https:\/\/www.bleise.de\/honig\/honig-kaufen\/","title":{"rendered":"Honig kaufen"},"content":{"rendered":"\n<p class=\"has-medium-font-size\" id=\"preise\">Kostenlose Lieferung innerhalb von Oberstedten, ansonsten Abholung s.u. (<a href=\"http:\/\/www.bleise.de\/honig\/honig-kaufen#kontakt\">Kontakt<\/a>)<\/p>\n\n\n\n<div class=\"wp-block-cover is-light\" style=\"min-height:129px;aspect-ratio:unset;\"><span aria-hidden=\"true\" class=\"wp-block-cover__background has-background-dim-0 has-background-dim\"><\/span><img data-recalc-dims=\"1\" loading=\"lazy\" decoding=\"async\" width=\"960\" height=\"135\" class=\"wp-block-cover__image-background wp-image-317\" alt=\"\" src=\"https:\/\/i0.wp.com\/www.bleise.de\/wp-content\/uploads\/2022\/06\/Zellen_nah_klein_hell.jpg?resize=960%2C135\" data-object-fit=\"cover\" srcset=\"https:\/\/i0.wp.com\/www.bleise.de\/wp-content\/uploads\/2022\/06\/Zellen_nah_klein_hell.jpg?w=999&amp;ssl=1 999w, https:\/\/i0.wp.com\/www.bleise.de\/wp-content\/uploads\/2022\/06\/Zellen_nah_klein_hell.jpg?resize=300%2C42&amp;ssl=1 300w, https:\/\/i0.wp.com\/www.bleise.de\/wp-content\/uploads\/2022\/06\/Zellen_nah_klein_hell.jpg?resize=768%2C108&amp;ssl=1 768w\" sizes=\"auto, (max-width: 960px) 100vw, 960px\" \/><div class=\"wp-block-cover__inner-container is-layout-flow wp-block-cover-is-layout-flow\">\n<p class=\"has-text-align-center has-large-font-size\" id=\"preise\"><strong>Honig<\/strong><\/p>\n<\/div><\/div>\n\n\n\n<div class=\"wp-block-media-text alignwide has-media-on-the-right is-stacked-on-mobile\" style=\"grid-template-columns:auto 41%\"><div class=\"wp-block-media-text__content\">\n<p class=\"has-medium-font-size\">Jede Honigsorte im 500g Mehrwegglas: <br>6,50\u20ac (+ 0,50\u20ac Pfand)<\/p>\n\n\n\n<p>Welche Honigsorten aktuell verf\u00fcgbar sind, seht ihr <a href=\"https:\/\/www.bleise.de\/honig\/aktuelles\/\" data-type=\"page\" data-id=\"66\">hier<\/a>.<\/p>\n\n\n\n<p>Wabenhonig kostet wegen der aufwendigen und begrenzten Produktion 4,00\u20ac je 100g. Dieser ist allerdings nur frisch in der Saison und auf Anfrage erh\u00e4ltlich.<\/p>\n\n\n\n<p>Nach dem Verbrauch gerne die Gl\u00e4ser ausgesp\u00fclt wieder zur\u00fcckbringen.<\/p>\n<\/div><figure class=\"wp-block-media-text__media\"><img data-recalc-dims=\"1\" loading=\"lazy\" decoding=\"async\" width=\"960\" height=\"636\" src=\"https:\/\/i0.wp.com\/www.bleise.de\/wp-content\/uploads\/2023\/07\/Honig_cremig_und_fluessig.jpg?resize=960%2C636\" alt=\"\" class=\"wp-image-775 size-full\" srcset=\"https:\/\/i0.wp.com\/www.bleise.de\/wp-content\/uploads\/2023\/07\/Honig_cremig_und_fluessig.jpg?resize=1024%2C678&amp;ssl=1 1024w, https:\/\/i0.wp.com\/www.bleise.de\/wp-content\/uploads\/2023\/07\/Honig_cremig_und_fluessig.jpg?resize=300%2C199&amp;ssl=1 300w, https:\/\/i0.wp.com\/www.bleise.de\/wp-content\/uploads\/2023\/07\/Honig_cremig_und_fluessig.jpg?resize=768%2C509&amp;ssl=1 768w, https:\/\/i0.wp.com\/www.bleise.de\/wp-content\/uploads\/2023\/07\/Honig_cremig_und_fluessig.jpg?w=1526&amp;ssl=1 1526w\" sizes=\"auto, (max-width: 960px) 100vw, 960px\" \/><\/figure><\/div>\n\n\n\n<div class=\"wp-block-cover is-light\" style=\"min-height:129px;aspect-ratio:unset;\"><span aria-hidden=\"true\" class=\"wp-block-cover__background has-background-dim-0 has-background-dim\"><\/span><img data-recalc-dims=\"1\" loading=\"lazy\" decoding=\"async\" width=\"960\" height=\"135\" class=\"wp-block-cover__image-background wp-image-317\" alt=\"\" src=\"https:\/\/i0.wp.com\/www.bleise.de\/wp-content\/uploads\/2022\/06\/Zellen_nah_klein_hell.jpg?resize=960%2C135\" data-object-fit=\"cover\" srcset=\"https:\/\/i0.wp.com\/www.bleise.de\/wp-content\/uploads\/2022\/06\/Zellen_nah_klein_hell.jpg?w=999&amp;ssl=1 999w, https:\/\/i0.wp.com\/www.bleise.de\/wp-content\/uploads\/2022\/06\/Zellen_nah_klein_hell.jpg?resize=300%2C42&amp;ssl=1 300w, https:\/\/i0.wp.com\/www.bleise.de\/wp-content\/uploads\/2022\/06\/Zellen_nah_klein_hell.jpg?resize=768%2C108&amp;ssl=1 768w\" sizes=\"auto, (max-width: 960px) 100vw, 960px\" \/><div class=\"wp-block-cover__inner-container is-layout-flow wp-block-cover-is-layout-flow\">\n<p class=\"has-text-align-center has-large-font-size\" id=\"kontakt\"><strong>Kontakt<\/strong><\/p>\n<\/div><\/div>\n\n\n\n<p class=\"has-medium-font-size\">Hast Du Interesse an unserem Honig oder Kerzen? Dann kontaktiere uns bitte entweder telefonisch oder komm einfach vorbei!<\/p>\n\n\n\n<figure class=\"wp-block-table is-style-regular has-medium-font-size\" style=\"font-style:normal;font-weight:500\"><table><tbody><tr><td><strong>Telefon:<\/strong><\/td><td>06172-856623<\/td><\/tr><tr><td><strong>Adresse: <\/strong><\/td><td>Thorsten Bleise<br>Im Gartenfeld 12 B<br>61440 Oberursel-Oberstedten<\/td><\/tr><tr><td><strong>Email:<\/strong><\/td><td>\u00fcber Kontaktformular, siehe unten<\/td><\/tr><\/tbody><\/table><\/figure>\n\n\n\n<p class=\"has-medium-font-size\">Du kannst uns auch hier eine Nachricht senden. Wir melden uns dann bei Dir.<\/p>\n\n\n<div class=\"wpforms-container wpforms-container-full\" id=\"wpforms-286\"><form id=\"wpforms-form-286\" class=\"wpforms-validate wpforms-form wpforms-ajax-form\" data-formid=\"286\" method=\"post\" enctype=\"multipart\/form-data\" action=\"\/honig\/wp-json\/wp\/v2\/pages\/811\" data-token=\"aaa87d3ef531ecbb067a44061a0c5fcc\" data-token-time=\"1776207046\"><noscript class=\"wpforms-error-noscript\">Bitte aktiviere JavaScript in deinem Browser, um dieses Formular fertigzustellen.<\/noscript><div class=\"wpforms-field-container\"><div id=\"wpforms-286-field_0-container\" class=\"wpforms-field wpforms-field-name\" data-field-id=\"0\"><label class=\"wpforms-field-label\">Name <span class=\"wpforms-required-label\">*<\/span><\/label><div class=\"wpforms-field-row wpforms-field-medium\"><div class=\"wpforms-field-row-block wpforms-first wpforms-one-half\"><input type=\"text\" id=\"wpforms-286-field_0\" class=\"wpforms-field-name-first wpforms-field-required\" name=\"wpforms[fields][0][first]\" required><label for=\"wpforms-286-field_0\" class=\"wpforms-field-sublabel after\">Vorname<\/label><\/div><div class=\"wpforms-field-row-block wpforms-one-half\"><input type=\"text\" id=\"wpforms-286-field_0-last\" class=\"wpforms-field-name-last wpforms-field-required\" name=\"wpforms[fields][0][last]\" required><label for=\"wpforms-286-field_0-last\" class=\"wpforms-field-sublabel after\">Nachname<\/label><\/div><\/div><\/div><div id=\"wpforms-286-field_1-container\" class=\"wpforms-field wpforms-field-email\" data-field-id=\"1\"><label class=\"wpforms-field-label\" for=\"wpforms-286-field_1\">Email <span class=\"wpforms-required-label\">*<\/span><\/label><input type=\"email\" id=\"wpforms-286-field_1\" class=\"wpforms-field-medium wpforms-field-required\" name=\"wpforms[fields][1]\" spellcheck=\"false\" required><\/div><div id=\"wpforms-286-field_2-container\" class=\"wpforms-field wpforms-field-textarea\" data-field-id=\"2\"><label class=\"wpforms-field-label\" for=\"wpforms-286-field_2\">Deine Nachricht oder Sortenw\u00fcnsche (je nach Verf\u00fcgbarkeit, siehe &quot;Aktuelles&quot;): <span class=\"wpforms-required-label\">*<\/span><\/label><textarea id=\"wpforms-286-field_2\" class=\"wpforms-field-medium wpforms-field-required\" name=\"wpforms[fields][2]\" required><\/textarea><\/div><div id=\"wpforms-286-field_6-container\" class=\"wpforms-field wpforms-field-number\" data-field-id=\"6\"><label class=\"wpforms-field-label\" for=\"wpforms-286-field_6\">Gew\u00fcnschte Anzahl Gl\u00e4ser<\/label><input type=\"number\" id=\"wpforms-286-field_6\" class=\"wpforms-field-medium\" name=\"wpforms[fields][6]\" step=\"any\" ><\/div><\/div><!-- .wpforms-field-container --><div class=\"wpforms-submit-container\" ><input type=\"hidden\" name=\"wpforms[id]\" value=\"286\"><input type=\"hidden\" name=\"page_title\" value=\"\"><input type=\"hidden\" name=\"page_url\" value=\"https:\/\/www.bleise.de\/honig\/wp-json\/wp\/v2\/pages\/811\"><input type=\"hidden\" name=\"url_referer\" value=\"\"><button type=\"submit\" name=\"wpforms[submit]\" id=\"wpforms-submit-286\" class=\"wpforms-submit\" data-alt-text=\"senden...\" data-submit-text=\"Nachricht senden\" aria-live=\"assertive\" value=\"wpforms-submit\">Nachricht senden<\/button><img loading=\"lazy\" decoding=\"async\" src=\"https:\/\/www.bleise.de\/wp-content\/plugins\/wpforms-lite\/assets\/images\/submit-spin.svg\" class=\"wpforms-submit-spinner\" style=\"display: none;\" width=\"26\" height=\"26\" alt=\"Wird geladen\"><\/div><\/form><\/div>  <!-- .wpforms-container -->\n","protected":false},"excerpt":{"rendered":"<p>Kostenlose Lieferung innerhalb von Oberstedten, ansonsten Abholung s.u. (Kontakt) Jede Honigsorte im 500g Mehrwegglas: 6,50\u20ac (+ 0,50\u20ac Pfand) Welche Honigsorten aktuell verf\u00fcgbar sind, seht ihr hier. Wabenhonig kostet wegen der aufwendigen und begrenzten Produktion 4,00\u20ac je 100g. Dieser ist allerdings nur frisch in der Saison und auf Anfrage erh\u00e4ltlich. Nach dem Verbrauch gerne die Gl\u00e4ser ausgesp\u00fclt wieder zur\u00fcckbringen. Hast Du Interesse an unserem Honig oder Kerzen? Dann kontaktiere uns bitte entweder telefonisch oder komm einfach vorbei! Telefon: 06172-856623 Adresse: Thorsten<a class=\"more-link\" href=\"https:\/\/www.bleise.de\/honig\/honig-kaufen\/\">Read More<span>&#8594;<\/span><\/a><\/p>\n","protected":false},"author":1,"featured_media":0,"parent":0,"menu_order":0,"comment_status":"closed","ping_status":"closed","template":"template-full-width.php","meta":{"footnotes":""},"class_list":["post-811","page","type-page","status-publish","hentry"],"jetpack_sharing_enabled":true,"_links":{"self":[{"href":"https:\/\/www.bleise.de\/honig\/wp-json\/wp\/v2\/pages\/811","targetHints":{"allow":["GET"]}}],"collection":[{"href":"https:\/\/www.bleise.de\/honig\/wp-json\/wp\/v2\/pages"}],"about":[{"href":"https:\/\/www.bleise.de\/honig\/wp-json\/wp\/v2\/types\/page"}],"author":[{"embeddable":true,"href":"https:\/\/www.bleise.de\/honig\/wp-json\/wp\/v2\/users\/1"}],"replies":[{"embeddable":true,"href":"https:\/\/www.bleise.de\/honig\/wp-json\/wp\/v2\/comments?post=811"}],"version-history":[{"count":22,"href":"https:\/\/www.bleise.de\/honig\/wp-json\/wp\/v2\/pages\/811\/revisions"}],"predecessor-version":[{"id":938,"href":"https:\/\/www.bleise.de\/honig\/wp-json\/wp\/v2\/pages\/811\/revisions\/938"}],"wp:attachment":[{"href":"https:\/\/www.bleise.de\/honig\/wp-json\/wp\/v2\/media?parent=811"}],"curies":[{"name":"wp","href":"https:\/\/api.w.org\/{rel}","templated":true}]}}